{"id":32273,"date":"2025-09-30T16:06:25","date_gmt":"2025-09-30T14:06:25","guid":{"rendered":"https:\/\/dokusho.it\/?post_type=product&#038;p=32273"},"modified":"2025-11-26T09:46:20","modified_gmt":"2025-11-26T08:46:20","slug":"no-game-no-life-bundle-limited-edition","status":"publish","type":"product","link":"https:\/\/dokusho.it\/index.php\/prodotto\/no-game-no-life-bundle-limited-edition\/","title":{"rendered":"No Game No Life &#8211; BUNDLE LIMITED EDITION"},"content":{"rendered":"<p><strong>Box da esposizione della famosissima light novel NO GAME NO LIFE \ud83c\udfae\ud83d\udd79\ufe0f\u265f\ufe0f<\/strong><\/p>\n<p>Il bundle contiene:<\/p>\n<p>\u2728 La light novel No Game No Life, Vol. 1-2-3<br \/>\n\u2728 Set di 6 cartoline in carta patinata 105&#215;148 mm<br \/>\n\u2728 Sovra-copertina alternativa in PVC trasparente<\/p>\n<p>Trama:<\/p>\n<p><strong>I fratelli gamer conquisteranno un mondo fantasy<\/strong><\/p>\n<p>Sono un fratello e una sorella, NEET e hikikomori, ma sul web sono gamer<br \/>\ncos\u00ec abili da essere diventati una leggenda metropolitana\u2026 Sora e Shiro.<br \/>\nPer entrambi la vita \u00e8 un \u201cgioco di merda\u201d.<br \/>\nSono stati evocati in un mondo alternativo da un ragazzo che si proclama<br \/>\n\u201cDio\u201d, un mondo dove la guerra \u00e8 stata bandita e tutto si decide attraverso i<br \/>\ngiochi\u2026 s\u00ec, persino i confini nazionali!<br \/>\nBraccati dalle altre razze, agli Immanity resta solo la loro ultima citt\u00e0.<br \/>\nRiusciranno Sora e Shiro, rifiuti della societ\u00e0, a diventare i \u201csalvatori del<br \/>\ngenere umano\u201d in questo mondo alternativo?<br \/>\n\u2026\u201cBene, che il gioco abbia inizio!&#8221;<\/p>\n<p>(Nota sul costo del prodotto: Il costo di listino del bundle \u00e8 di 39,90\u20ac. Poich\u00e9 si tratta di un&#8217;edizione limitata da esposizione, per garantire un imballaggio adeguato alle dimensioni del cofanetto, abbiamo dovuto incrementare il prezzo di vendita dal sito. Ci dispiace per l&#8217;inconveniente, speriamo possiate capire e supportare comunque questa bellissima serie.<br \/>\nAggiornamento: Poich\u00e9 l&#8217;edizione limitata \u00e8 sold out, per pulizia verr\u00e0 reimpostato il prezzo di listino.)<\/p>\n","protected":false},"excerpt":{"rendered":"<p>Box da esposizione della famosissima light novel NO GAME NO LIFE \ud83c\udfae\ud83d\udd79\ufe0f\u265f\ufe0f Il bundle contiene: \u2728 La light novel No Game No Life, Vol. 1-2-3 \u2728 Set di 6 cartoline in carta patinata 105&#215;148 mm \u2728 Sovra-copertina alternativa in PVC trasparente Trama: I fratelli gamer conquisteranno un mondo fantasy Sono un fratello e una sorella, NEET e hikikomori, ma sul web sono gamer cos\u00ec abili da essere diventati una leggenda metropolitana\u2026 Sora e Shiro. Per entrambi la vita \u00e8 un \u201cgioco di merda\u201d. Sono stati evocati in un mondo alternativo da un ragazzo che si proclama \u201cDio\u201d, un mondo dove la guerra \u00e8 stata bandita e tutto si decide attraverso i giochi\u2026 s\u00ec, persino i confini nazionali! Braccati dalle altre razze, agli Immanity resta solo la loro ultima citt\u00e0. Riusciranno Sora e Shiro, rifiuti della societ\u00e0, a diventare i \u201csalvatori del genere umano\u201d in questo mondo alternativo? \u2026\u201cBene, che il gioco abbia inizio!&#8221; (Nota sul costo del prodotto: Il costo di listino del bundle \u00e8 di 39,90\u20ac. Poich\u00e9 si tratta di un&#8217;edizione limitata da esposizione, per garantire un imballaggio adeguato alle dimensioni del cofanetto, abbiamo dovuto incrementare il prezzo di vendita dal sito. Ci dispiace per l&#8217;inconveniente, speriamo possiate capire e supportare comunque questa bellissima serie. Aggiornamento: Poich\u00e9 l&#8217;edizione limitata \u00e8 sold out, per pulizia verr\u00e0 reimpostato il prezzo di listino.)<\/p>\n","protected":false},"featured_media":32283,"template":"","meta":[],"product_brand":[],"product_cat":[833],"product_tag":[716,232,707,834,234],"class_list":{"0":"post-32273","1":"product","2":"type-product","3":"status-publish","4":"has-post-thumbnail","6":"product_cat-no-game-no-life","7":"product_tag-bundle","8":"product_tag-light-novel","9":"product_tag-limited-edition","10":"product_tag-no-game-no-life","11":"product_tag-volume-1","13":"first","14":"outofstock","15":"featured","16":"shipping-taxable","17":"purchasable","18":"product-type-simple"},"_links":{"self":[{"href":"https:\/\/dokusho.it\/index.php\/wp-json\/wp\/v2\/product\/32273","targetHints":{"allow":["GET"]}}],"collection":[{"href":"https:\/\/dokusho.it\/index.php\/wp-json\/wp\/v2\/product"}],"about":[{"href":"https:\/\/dokusho.it\/index.php\/wp-json\/wp\/v2\/types\/product"}],"version-history":[{"count":5,"href":"https:\/\/dokusho.it\/index.php\/wp-json\/wp\/v2\/product\/32273\/revisions"}],"predecessor-version":[{"id":34482,"href":"https:\/\/dokusho.it\/index.php\/wp-json\/wp\/v2\/product\/32273\/revisions\/34482"}],"wp:featuredmedia":[{"embeddable":true,"href":"https:\/\/dokusho.it\/index.php\/wp-json\/wp\/v2\/media\/32283"}],"wp:attachment":[{"href":"https:\/\/dokusho.it\/index.php\/wp-json\/wp\/v2\/media?parent=32273"}],"wp:term":[{"taxonomy":"product_brand","embeddable":true,"href":"https:\/\/dokusho.it\/index.php\/wp-json\/wp\/v2\/product_brand?post=32273"},{"taxonomy":"product_cat","embeddable":true,"href":"https:\/\/dokusho.it\/index.php\/wp-json\/wp\/v2\/product_cat?post=32273"},{"taxonomy":"product_tag","embeddable":true,"href":"https:\/\/dokusho.it\/index.php\/wp-json\/wp\/v2\/product_tag?post=32273"}],"curies":[{"name":"wp","href":"https:\/\/api.w.org\/{rel}","templated":true}]}}