{"id":32267,"date":"2025-09-30T16:05:39","date_gmt":"2025-09-30T14:05:39","guid":{"rendered":"https:\/\/dokusho.it\/?post_type=product&#038;p=32267"},"modified":"2025-09-30T16:06:15","modified_gmt":"2025-09-30T14:06:15","slug":"no-game-no-life-vol-1","status":"publish","type":"product","link":"https:\/\/dokusho.it\/index.php\/prodotto\/no-game-no-life-vol-1\/","title":{"rendered":"No Game No Life, Vol. 1"},"content":{"rendered":"<p><strong>I fratelli gamer conquisteranno un mondo fantasy<\/strong><\/p>\n<p>Sono un fratello e una sorella, NEET e hikikomori, ma sul web sono gamer<br \/>\ncos\u00ec abili da essere diventati una leggenda metropolitana\u2026 Sora e Shiro.<br \/>\nPer entrambi la vita \u00e8 un \u201cgioco di merda\u201d.<br \/>\nSono stati evocati in un mondo alternativo da un ragazzo che si proclama<br \/>\n\u201cDio\u201d, un mondo dove la guerra \u00e8 stata bandita e tutto si decide attraverso i<br \/>\ngiochi\u2026 s\u00ec, persino i confini nazionali!<br \/>\nBraccati dalle altre razze, agli Immanity resta solo la loro ultima citt\u00e0.<br \/>\nRiusciranno Sora e Shiro, rifiuti della societ\u00e0, a diventare i \u201csalvatori del<br \/>\ngenere umano\u201d in questo mondo alternativo?<br \/>\n\u2026\u201cBene, che il gioco abbia inizio!&#8221;<\/p>\n","protected":false},"excerpt":{"rendered":"<p>I fratelli gamer conquisteranno un mondo fantasy Sono un fratello e una sorella, NEET e hikikomori, ma sul web sono gamer cos\u00ec abili da essere diventati una leggenda metropolitana\u2026 Sora e Shiro. Per entrambi la vita \u00e8 un \u201cgioco di merda\u201d. Sono stati evocati in un mondo alternativo da un ragazzo che si proclama \u201cDio\u201d, un mondo dove la guerra \u00e8 stata bandita e tutto si decide attraverso i giochi\u2026 s\u00ec, persino i confini nazionali! Braccati dalle altre razze, agli Immanity resta solo la loro ultima citt\u00e0. Riusciranno Sora e Shiro, rifiuti della societ\u00e0, a diventare i \u201csalvatori del genere umano\u201d in questo mondo alternativo? \u2026\u201cBene, che il gioco abbia inizio!&#8221;<\/p>\n","protected":false},"featured_media":32268,"template":"","meta":[],"product_brand":[],"product_cat":[833],"product_tag":[232,834,234],"class_list":{"0":"post-32267","1":"product","2":"type-product","3":"status-publish","4":"has-post-thumbnail","6":"product_cat-no-game-no-life","7":"product_tag-light-novel","8":"product_tag-no-game-no-life","9":"product_tag-volume-1","11":"first","12":"instock","13":"featured","14":"shipping-taxable","15":"purchasable","16":"product-type-simple"},"_links":{"self":[{"href":"https:\/\/dokusho.it\/index.php\/wp-json\/wp\/v2\/product\/32267","targetHints":{"allow":["GET"]}}],"collection":[{"href":"https:\/\/dokusho.it\/index.php\/wp-json\/wp\/v2\/product"}],"about":[{"href":"https:\/\/dokusho.it\/index.php\/wp-json\/wp\/v2\/types\/product"}],"version-history":[{"count":1,"href":"https:\/\/dokusho.it\/index.php\/wp-json\/wp\/v2\/product\/32267\/revisions"}],"predecessor-version":[{"id":32272,"href":"https:\/\/dokusho.it\/index.php\/wp-json\/wp\/v2\/product\/32267\/revisions\/32272"}],"wp:featuredmedia":[{"embeddable":true,"href":"https:\/\/dokusho.it\/index.php\/wp-json\/wp\/v2\/media\/32268"}],"wp:attachment":[{"href":"https:\/\/dokusho.it\/index.php\/wp-json\/wp\/v2\/media?parent=32267"}],"wp:term":[{"taxonomy":"product_brand","embeddable":true,"href":"https:\/\/dokusho.it\/index.php\/wp-json\/wp\/v2\/product_brand?post=32267"},{"taxonomy":"product_cat","embeddable":true,"href":"https:\/\/dokusho.it\/index.php\/wp-json\/wp\/v2\/product_cat?post=32267"},{"taxonomy":"product_tag","embeddable":true,"href":"https:\/\/dokusho.it\/index.php\/wp-json\/wp\/v2\/product_tag?post=32267"}],"curies":[{"name":"wp","href":"https:\/\/api.w.org\/{rel}","templated":true}]}}