{"id":29776,"date":"2025-06-11T09:37:34","date_gmt":"2025-06-11T07:37:34","guid":{"rendered":"https:\/\/dokusho.it\/?post_type=product&#038;p=29776"},"modified":"2026-01-28T10:27:11","modified_gmt":"2026-01-28T09:27:11","slug":"classroom-of-the-elite-vol-6-limited-edition","status":"publish","type":"product","link":"https:\/\/dokusho.it\/index.php\/prodotto\/classroom-of-the-elite-vol-6-limited-edition\/","title":{"rendered":"Classroom of the Elite, Vol. 6 &#8211; LIMITED EDITION"},"content":{"rendered":"<p><strong>Box in edizione limitata del sesto volume della light novel &#8220;Classroom of the Elite&#8221;<\/strong><\/p>\n<p>\u2b50Il set contiene:\u2b50<\/p>\n<p>1. La light novel Classroom of the Elite, Vol. 6<br \/>\n2. Una cartolina in carta patinata 105&#215;148 mm<br \/>\n3. Tre tessere studenti<br \/>\n4. Sovra-copertina alternativa<\/p>\n<p>Trama:<\/p>\n<p><b>Ayanokouji, frequenti qualcuno?<br \/>\nEcco, scambiamoci il numero di telefono.<\/b><\/p>\n<p>\u00c8 met\u00e0 ottobre, il Festival dello Sport \u00e8 finito e inizia a far freddo.<br \/>\nL\u2019intero corpo studentesco \u00e8 riunito. L&#8217;attuale Presidente del Consiglio Studentesco lascia la sua carica al neoeletto Miyabi Nagumo.<br \/>\nUna nuova era di riforme \u00e8 alle porte. In questo clima, Ayanokouji viene condotto in un luogo poco frequentato per&#8230; una dichiarazione?!<br \/>\nLa Classe D viene catapultata in una nuova serie di esami e sfide. Come riuscir\u00e0 a superare il temutissimo &#8220;Paper Shuffle&#8221; che negli scorsi anni ha portato a diverse espulsioni?<\/p>\n","protected":false},"excerpt":{"rendered":"<p>Box in edizione limitata del sesto volume della light novel &#8220;Classroom of the Elite&#8221; \u2b50Il set contiene:\u2b50 1. La light novel Classroom of the Elite, Vol. 6 2. Una cartolina in carta patinata 105&#215;148 mm 3. Tre tessere studenti 4. Sovra-copertina alternativa Trama: Ayanokouji, frequenti qualcuno? Ecco, scambiamoci il numero di telefono. \u00c8 met\u00e0 ottobre, il Festival dello Sport \u00e8 finito e inizia a far freddo. L\u2019intero corpo studentesco \u00e8 riunito. L&#8217;attuale Presidente del Consiglio Studentesco lascia la sua carica al neoeletto Miyabi Nagumo. Una nuova era di riforme \u00e8 alle porte. In questo clima, Ayanokouji viene condotto in un luogo poco frequentato per&#8230; una dichiarazione?! La Classe D viene catapultata in una nuova serie di esami e sfide. Come riuscir\u00e0 a superare il temutissimo &#8220;Paper Shuffle&#8221; che negli scorsi anni ha portato a diverse espulsioni?<\/p>\n","protected":false},"featured_media":29777,"template":"","meta":[],"product_brand":[],"product_cat":[704],"product_tag":[705,232,707,746],"class_list":{"0":"post-29776","1":"product","2":"type-product","3":"status-publish","4":"has-post-thumbnail","6":"product_cat-classroom-of-the-elite","7":"product_tag-classroom-of-the-elite","8":"product_tag-light-novel","9":"product_tag-limited-edition","10":"product_tag-volume-6","12":"first","13":"outofstock","14":"featured","15":"shipping-taxable","16":"purchasable","17":"product-type-simple"},"_links":{"self":[{"href":"https:\/\/dokusho.it\/index.php\/wp-json\/wp\/v2\/product\/29776","targetHints":{"allow":["GET"]}}],"collection":[{"href":"https:\/\/dokusho.it\/index.php\/wp-json\/wp\/v2\/product"}],"about":[{"href":"https:\/\/dokusho.it\/index.php\/wp-json\/wp\/v2\/types\/product"}],"version-history":[{"count":1,"href":"https:\/\/dokusho.it\/index.php\/wp-json\/wp\/v2\/product\/29776\/revisions"}],"predecessor-version":[{"id":29779,"href":"https:\/\/dokusho.it\/index.php\/wp-json\/wp\/v2\/product\/29776\/revisions\/29779"}],"wp:featuredmedia":[{"embeddable":true,"href":"https:\/\/dokusho.it\/index.php\/wp-json\/wp\/v2\/media\/29777"}],"wp:attachment":[{"href":"https:\/\/dokusho.it\/index.php\/wp-json\/wp\/v2\/media?parent=29776"}],"wp:term":[{"taxonomy":"product_brand","embeddable":true,"href":"https:\/\/dokusho.it\/index.php\/wp-json\/wp\/v2\/product_brand?post=29776"},{"taxonomy":"product_cat","embeddable":true,"href":"https:\/\/dokusho.it\/index.php\/wp-json\/wp\/v2\/product_cat?post=29776"},{"taxonomy":"product_tag","embeddable":true,"href":"https:\/\/dokusho.it\/index.php\/wp-json\/wp\/v2\/product_tag?post=29776"}],"curies":[{"name":"wp","href":"https:\/\/api.w.org\/{rel}","templated":true}]}}