{"id":29769,"date":"2025-06-11T09:19:35","date_gmt":"2025-06-11T07:19:35","guid":{"rendered":"https:\/\/dokusho.it\/?post_type=product&#038;p=29769"},"modified":"2025-06-11T09:25:57","modified_gmt":"2025-06-11T07:25:57","slug":"classroom-of-the-elite-vol-6","status":"publish","type":"product","link":"https:\/\/dokusho.it\/index.php\/prodotto\/classroom-of-the-elite-vol-6\/","title":{"rendered":"Classroom of the Elite, Vol. 6"},"content":{"rendered":"<p><b>Ayanokouji, frequenti qualcuno?<br \/>\nEcco, scambiamoci il numero di telefono.<\/b><\/p>\n<p>\u00c8 met\u00e0 ottobre, il Festival dello Sport \u00e8 finito e inizia a far freddo.<br \/>\nL\u2019intero corpo studentesco \u00e8 riunito. L&#8217;attuale Presidente del Consiglio Studentesco lascia la sua carica al neoeletto Miyabi Nagumo.<br \/>\nUna nuova era di riforme \u00e8 alle porte. In questo clima, Ayanokouji viene condotto in un luogo poco frequentato per&#8230; una dichiarazione?!<br \/>\nLa Classe D viene catapultata in una nuova serie di esami e sfide. Come riuscir\u00e0 a superare il temutissimo &#8220;Paper Shuffle&#8221; che negli scorsi anni ha portato a diverse espulsioni?<\/p>\n","protected":false},"excerpt":{"rendered":"<p>Ayanokouji, frequenti qualcuno? Ecco, scambiamoci il numero di telefono. \u00c8 met\u00e0 ottobre, il Festival dello Sport \u00e8 finito e inizia a far freddo. L\u2019intero corpo studentesco \u00e8 riunito. L&#8217;attuale Presidente del Consiglio Studentesco lascia la sua carica al neoeletto Miyabi Nagumo. Una nuova era di riforme \u00e8 alle porte. In questo clima, Ayanokouji viene condotto in un luogo poco frequentato per&#8230; una dichiarazione?! La Classe D viene catapultata in una nuova serie di esami e sfide. Come riuscir\u00e0 a superare il temutissimo &#8220;Paper Shuffle&#8221; che negli scorsi anni ha portato a diverse espulsioni?<\/p>\n","protected":false},"featured_media":29771,"template":"","meta":[],"product_brand":[],"product_cat":[704],"product_tag":[705,232,746],"class_list":{"0":"post-29769","1":"product","2":"type-product","3":"status-publish","4":"has-post-thumbnail","6":"product_cat-classroom-of-the-elite","7":"product_tag-classroom-of-the-elite","8":"product_tag-light-novel","9":"product_tag-volume-6","11":"first","12":"instock","13":"featured","14":"shipping-taxable","15":"purchasable","16":"product-type-simple"},"_links":{"self":[{"href":"https:\/\/dokusho.it\/index.php\/wp-json\/wp\/v2\/product\/29769","targetHints":{"allow":["GET"]}}],"collection":[{"href":"https:\/\/dokusho.it\/index.php\/wp-json\/wp\/v2\/product"}],"about":[{"href":"https:\/\/dokusho.it\/index.php\/wp-json\/wp\/v2\/types\/product"}],"version-history":[{"count":1,"href":"https:\/\/dokusho.it\/index.php\/wp-json\/wp\/v2\/product\/29769\/revisions"}],"predecessor-version":[{"id":29774,"href":"https:\/\/dokusho.it\/index.php\/wp-json\/wp\/v2\/product\/29769\/revisions\/29774"}],"wp:featuredmedia":[{"embeddable":true,"href":"https:\/\/dokusho.it\/index.php\/wp-json\/wp\/v2\/media\/29771"}],"wp:attachment":[{"href":"https:\/\/dokusho.it\/index.php\/wp-json\/wp\/v2\/media?parent=29769"}],"wp:term":[{"taxonomy":"product_brand","embeddable":true,"href":"https:\/\/dokusho.it\/index.php\/wp-json\/wp\/v2\/product_brand?post=29769"},{"taxonomy":"product_cat","embeddable":true,"href":"https:\/\/dokusho.it\/index.php\/wp-json\/wp\/v2\/product_cat?post=29769"},{"taxonomy":"product_tag","embeddable":true,"href":"https:\/\/dokusho.it\/index.php\/wp-json\/wp\/v2\/product_tag?post=29769"}],"curies":[{"name":"wp","href":"https:\/\/api.w.org\/{rel}","templated":true}]}}