{"id":29754,"date":"2025-06-11T09:04:03","date_gmt":"2025-06-11T07:04:03","guid":{"rendered":"https:\/\/dokusho.it\/?post_type=product&#038;p=29754"},"modified":"2025-10-01T15:32:54","modified_gmt":"2025-10-01T13:32:54","slug":"mushoku-tensei-nel-nuovo-mondo-daro-il-massimo-vol-2","status":"publish","type":"product","link":"https:\/\/dokusho.it\/index.php\/prodotto\/mushoku-tensei-nel-nuovo-mondo-daro-il-massimo-vol-2\/","title":{"rendered":"Mushoku Tensei -Nel nuovo mondo dar\u00f2 il massimo-, Vol. 2"},"content":{"rendered":"<p>Un NEET vergine e disoccupato di trentaquattro anni rinasce in uno nuovo mondo. Qui ha inizio la sua nuova vita. Il suo nome? Rudeus, tutore di una giovane fanciulla che vive a Roa, la pi\u00f9 grande citt\u00e0 nella regione di Fittoa.<\/p>\n<p>Rudeus pensa di potercela fare ma la studentessa \u00e8 estremamente violenta&#8230;?!<\/p>\n<p>Per farsi rispettare e convincerla a impegnarsi nello studio, decide di attuare un piano. Per ora la missione pi\u00f9 impegnativa e importante della sua vita! Ma l\u2019imprevisto \u00e8 dietro l\u2019angolo!<\/p>\n<p>Ecco il secondo volume di uno degli isekai pi\u00f9 famosi e apprezzati della storia!<\/p>\n<p>&nbsp;<\/p>\n","protected":false},"excerpt":{"rendered":"<p>Un NEET vergine e disoccupato di trentaquattro anni rinasce in uno nuovo mondo. Qui ha inizio la sua nuova vita. Il suo nome? Rudeus, tutore di una giovane fanciulla che vive a Roa, la pi\u00f9 grande citt\u00e0 nella regione di Fittoa. Rudeus pensa di potercela fare ma la studentessa \u00e8 estremamente violenta&#8230;?! Per farsi rispettare e convincerla a impegnarsi nello studio, decide di attuare un piano. Per ora la missione pi\u00f9 impegnativa e importante della sua vita! Ma l\u2019imprevisto \u00e8 dietro l\u2019angolo! Ecco il secondo volume di uno degli isekai pi\u00f9 famosi e apprezzati della storia! &nbsp;<\/p>\n","protected":false},"featured_media":29755,"template":"","meta":[],"product_brand":[],"product_cat":[759],"product_tag":[232,764,690],"class_list":{"0":"post-29754","1":"product","2":"type-product","3":"status-publish","4":"has-post-thumbnail","6":"product_cat-mushoku-tensei","7":"product_tag-light-novel","8":"product_tag-mushoku-tensei","9":"product_tag-volume-2","11":"first","12":"instock","13":"featured","14":"shipping-taxable","15":"purchasable","16":"product-type-simple"},"_links":{"self":[{"href":"https:\/\/dokusho.it\/index.php\/wp-json\/wp\/v2\/product\/29754","targetHints":{"allow":["GET"]}}],"collection":[{"href":"https:\/\/dokusho.it\/index.php\/wp-json\/wp\/v2\/product"}],"about":[{"href":"https:\/\/dokusho.it\/index.php\/wp-json\/wp\/v2\/types\/product"}],"version-history":[{"count":3,"href":"https:\/\/dokusho.it\/index.php\/wp-json\/wp\/v2\/product\/29754\/revisions"}],"predecessor-version":[{"id":33478,"href":"https:\/\/dokusho.it\/index.php\/wp-json\/wp\/v2\/product\/29754\/revisions\/33478"}],"wp:featuredmedia":[{"embeddable":true,"href":"https:\/\/dokusho.it\/index.php\/wp-json\/wp\/v2\/media\/29755"}],"wp:attachment":[{"href":"https:\/\/dokusho.it\/index.php\/wp-json\/wp\/v2\/media?parent=29754"}],"wp:term":[{"taxonomy":"product_brand","embeddable":true,"href":"https:\/\/dokusho.it\/index.php\/wp-json\/wp\/v2\/product_brand?post=29754"},{"taxonomy":"product_cat","embeddable":true,"href":"https:\/\/dokusho.it\/index.php\/wp-json\/wp\/v2\/product_cat?post=29754"},{"taxonomy":"product_tag","embeddable":true,"href":"https:\/\/dokusho.it\/index.php\/wp-json\/wp\/v2\/product_tag?post=29754"}],"curies":[{"name":"wp","href":"https:\/\/api.w.org\/{rel}","templated":true}]}}