{"id":26998,"date":"2024-09-26T16:49:16","date_gmt":"2024-09-26T14:49:16","guid":{"rendered":"https:\/\/dokusho.it\/?post_type=product&#038;p=26998"},"modified":"2024-09-26T17:15:39","modified_gmt":"2024-09-26T15:15:39","slug":"gli-agenti-delle-quattro-stagioni-la-danza-della-primavera-ii","status":"publish","type":"product","link":"https:\/\/dokusho.it\/index.php\/prodotto\/gli-agenti-delle-quattro-stagioni-la-danza-della-primavera-ii\/","title":{"rendered":"Gli Agenti delle Quattro Stagioni &#8211; La Danza della Primavera II"},"content":{"rendered":"<p>\u00abNon lasciarmi sola. Ti prego, torna.\u00bb<\/p>\n<p>Incapace di sopportare la solitudine in un mondo in cui non esistevano altre stagioni, l\u2019Inverno<br \/>\nrecise parte della propria essenza vitale e cre\u00f2 la Primavera. Per desiderio della Madre Terra,<br \/>\nnacquero anche l\u2019Estate e l\u2019Autunno. Le Quattro Stagioni furono al completo. A farsi carico del loro<br \/>\nsusseguirsi furono i figli degli uomini. Coloro che esercitavano quel ruolo vennero chiamati \u201cAgenti<br \/>\ndelle Quattro Stagioni\u201d.<\/p>\n<p>La giovane divinit\u00e0 della Primavera, Hinagiku, ha al suo seguito una spadaccina che le ha giurato<br \/>\nfedelt\u00e0 eterna. Il suo nome \u00e8 \u201cSakura\u201d e ricopre il ruolo di Guardia del Corpo. Sakura sguaina la sua<br \/>\nspada per vendicarsi di chi ha rapito la sua amata Signora, di chi \u00e8 rimasto a guardare la tragedia<br \/>\ncon indifferenza, di chi le ha ferite. Il suo giuramento \u00e8 ferreo, sarebbe morta proteggendo la<br \/>\nfanciulla della Primavera. Non esiter\u00e0. Ha addirittura abbandonato l\u2019amore per l\u2019uomo che<br \/>\nammirava come suo maestro.<\/p>\n<p>Da qui in avanti, sul campo di battaglia sopravviver\u00e0 solo chi \u00e8 preparato. Forza, balla la danza<br \/>\ndella primavera.<\/p>\n<p>Dalla penna di Kana Akatsuki, la storia di una giovane divinit\u00e0 a cui \u00e8 stato affidato il compito di<br \/>\nmanifestare la primavera nel mondo.<\/p>\n","protected":false},"excerpt":{"rendered":"<p>\u00abNon lasciarmi sola. Ti prego, torna.\u00bb Incapace di sopportare la solitudine in un mondo in cui non esistevano altre stagioni, l\u2019Inverno recise parte della propria essenza vitale e cre\u00f2 la Primavera. Per desiderio della Madre Terra, nacquero anche l\u2019Estate e l\u2019Autunno. Le Quattro Stagioni furono al completo. A farsi carico del loro susseguirsi furono i figli degli uomini. Coloro che esercitavano quel ruolo vennero chiamati \u201cAgenti delle Quattro Stagioni\u201d. La giovane divinit\u00e0 della Primavera, Hinagiku, ha al suo seguito una spadaccina che le ha giurato fedelt\u00e0 eterna. Il suo nome \u00e8 \u201cSakura\u201d e ricopre il ruolo di Guardia del Corpo. Sakura sguaina la sua spada per vendicarsi di chi ha rapito la sua amata Signora, di chi \u00e8 rimasto a guardare la tragedia con indifferenza, di chi le ha ferite. Il suo giuramento \u00e8 ferreo, sarebbe morta proteggendo la fanciulla della Primavera. Non esiter\u00e0. Ha addirittura abbandonato l\u2019amore per l\u2019uomo che ammirava come suo maestro. Da qui in avanti, sul campo di battaglia sopravviver\u00e0 solo chi \u00e8 preparato. Forza, balla la danza della primavera. Dalla penna di Kana Akatsuki, la storia di una giovane divinit\u00e0 a cui \u00e8 stato affidato il compito di manifestare la primavera nel mondo.<\/p>\n","protected":false},"featured_media":26999,"template":"","meta":[],"product_brand":[],"product_cat":[777],"product_tag":[778,779,232,782],"class_list":{"0":"post-26998","1":"product","2":"type-product","3":"status-publish","4":"has-post-thumbnail","6":"product_cat-gli-agenti-delle-quattro-stagioni","7":"product_tag-gli-agenti-delle-quattro-stagioni","8":"product_tag-la-danza-della-primavera","9":"product_tag-light-novel","10":"product_tag-parte-ii","12":"first","13":"instock","14":"featured","15":"shipping-taxable","16":"purchasable","17":"product-type-simple"},"_links":{"self":[{"href":"https:\/\/dokusho.it\/index.php\/wp-json\/wp\/v2\/product\/26998","targetHints":{"allow":["GET"]}}],"collection":[{"href":"https:\/\/dokusho.it\/index.php\/wp-json\/wp\/v2\/product"}],"about":[{"href":"https:\/\/dokusho.it\/index.php\/wp-json\/wp\/v2\/types\/product"}],"version-history":[{"count":1,"href":"https:\/\/dokusho.it\/index.php\/wp-json\/wp\/v2\/product\/26998\/revisions"}],"predecessor-version":[{"id":27002,"href":"https:\/\/dokusho.it\/index.php\/wp-json\/wp\/v2\/product\/26998\/revisions\/27002"}],"wp:featuredmedia":[{"embeddable":true,"href":"https:\/\/dokusho.it\/index.php\/wp-json\/wp\/v2\/media\/26999"}],"wp:attachment":[{"href":"https:\/\/dokusho.it\/index.php\/wp-json\/wp\/v2\/media?parent=26998"}],"wp:term":[{"taxonomy":"product_brand","embeddable":true,"href":"https:\/\/dokusho.it\/index.php\/wp-json\/wp\/v2\/product_brand?post=26998"},{"taxonomy":"product_cat","embeddable":true,"href":"https:\/\/dokusho.it\/index.php\/wp-json\/wp\/v2\/product_cat?post=26998"},{"taxonomy":"product_tag","embeddable":true,"href":"https:\/\/dokusho.it\/index.php\/wp-json\/wp\/v2\/product_tag?post=26998"}],"curies":[{"name":"wp","href":"https:\/\/api.w.org\/{rel}","templated":true}]}}