{"id":26985,"date":"2024-09-26T15:58:19","date_gmt":"2024-09-26T13:58:19","guid":{"rendered":"https:\/\/dokusho.it\/?post_type=product&#038;p=26985"},"modified":"2025-09-30T15:09:08","modified_gmt":"2025-09-30T13:09:08","slug":"86-eighty-six-vol-2-limited-edition","status":"publish","type":"product","link":"https:\/\/dokusho.it\/index.php\/prodotto\/86-eighty-six-vol-2-limited-edition\/","title":{"rendered":"86 &#8211; Eighty-Six -, Vol. 2 &#8211; LIMITED EDITION"},"content":{"rendered":"<p><strong>Box in edizione limitata del secondo volume della light novel &#8220;86 &#8211; Eighty-Six -&#8220;<\/strong><\/p>\n<p>\u2b50Il set contiene:\u2b50<\/p>\n<p>1. La light novel 86 &#8211; Eighty-Six -, Vol. 2<br \/>\n2. Tre cartoline in carta patinata 105&#215;148 mm<br \/>\n3. Uno standee in carta del protagonista maschile<br \/>\n4. Sovra-copertina alternativa<\/p>\n<p>Trama:<\/p>\n<p>Dopo aver detto addio a Lena, Handler e Ufficiale della Repubblica, Shin e gli altri<br \/>\nEighty-Six raggiungono la Repubblica Federale di Giad, vengono presi in custodia<br \/>\ndall\u2019esercito e sembrano aver finalmente trovato la pace. Eppure\u2026 vogliono<br \/>\ntornare sul campo di battaglia. Decidono di arruolarsi ancora una volta, tornando<br \/>\ncos\u00ec sulla prima linea dell\u2019inferno. Nonostante le varie voci che li definiscono<br \/>\n\u201cmalati di guerra\u201d, continuano a sopravvivere combattendo grazie al \u201cpotere\u201d di<br \/>\nShin contro l\u2019avanzata dei Legion. Insieme a loro c\u2019\u00e8 una nuova amica, ben pi\u00f9<br \/>\ngiovane, la piccola Frederica Rosenfort.<br \/>\nPerch\u00e9 cinque ragazzi e una bambina combattono? Saranno davvero in grado di<br \/>\ndebellare la minaccia incombente dei Legion?<br \/>\nQuesto \u00e8 il primo dei due volumi incentrati sulla Federazione di Giad, arco della<br \/>\nseparazione tra Shin e Lena fino alla loro riunione!<br \/>\nLo Shinigami \u00e8 chiamato a tornare al posto che gli spetta.<\/p>\n","protected":false},"excerpt":{"rendered":"<p>Box in edizione limitata del secondo volume della light novel &#8220;86 &#8211; Eighty-Six -&#8220; \u2b50Il set contiene:\u2b50 1. La light novel 86 &#8211; Eighty-Six -, Vol. 2 2. Tre cartoline in carta patinata 105&#215;148 mm 3. Uno standee in carta del protagonista maschile 4. Sovra-copertina alternativa Trama: Dopo aver detto addio a Lena, Handler e Ufficiale della Repubblica, Shin e gli altri Eighty-Six raggiungono la Repubblica Federale di Giad, vengono presi in custodia dall\u2019esercito e sembrano aver finalmente trovato la pace. Eppure\u2026 vogliono tornare sul campo di battaglia. Decidono di arruolarsi ancora una volta, tornando cos\u00ec sulla prima linea dell\u2019inferno. Nonostante le varie voci che li definiscono \u201cmalati di guerra\u201d, continuano a sopravvivere combattendo grazie al \u201cpotere\u201d di Shin contro l\u2019avanzata dei Legion. Insieme a loro c\u2019\u00e8 una nuova amica, ben pi\u00f9 giovane, la piccola Frederica Rosenfort. Perch\u00e9 cinque ragazzi e una bambina combattono? Saranno davvero in grado di debellare la minaccia incombente dei Legion? Questo \u00e8 il primo dei due volumi incentrati sulla Federazione di Giad, arco della separazione tra Shin e Lena fino alla loro riunione! Lo Shinigami \u00e8 chiamato a tornare al posto che gli spetta.<\/p>\n","protected":false},"featured_media":26990,"template":"","meta":[],"product_brand":[],"product_cat":[751],"product_tag":[752,232,707,690],"class_list":{"0":"post-26985","1":"product","2":"type-product","3":"status-publish","4":"has-post-thumbnail","6":"product_cat-86-eighty-six","7":"product_tag-86-eighty-six","8":"product_tag-light-novel","9":"product_tag-limited-edition","10":"product_tag-volume-2","12":"first","13":"outofstock","14":"featured","15":"shipping-taxable","16":"purchasable","17":"product-type-simple"},"_links":{"self":[{"href":"https:\/\/dokusho.it\/index.php\/wp-json\/wp\/v2\/product\/26985","targetHints":{"allow":["GET"]}}],"collection":[{"href":"https:\/\/dokusho.it\/index.php\/wp-json\/wp\/v2\/product"}],"about":[{"href":"https:\/\/dokusho.it\/index.php\/wp-json\/wp\/v2\/types\/product"}],"version-history":[{"count":1,"href":"https:\/\/dokusho.it\/index.php\/wp-json\/wp\/v2\/product\/26985\/revisions"}],"predecessor-version":[{"id":26988,"href":"https:\/\/dokusho.it\/index.php\/wp-json\/wp\/v2\/product\/26985\/revisions\/26988"}],"wp:featuredmedia":[{"embeddable":true,"href":"https:\/\/dokusho.it\/index.php\/wp-json\/wp\/v2\/media\/26990"}],"wp:attachment":[{"href":"https:\/\/dokusho.it\/index.php\/wp-json\/wp\/v2\/media?parent=26985"}],"wp:term":[{"taxonomy":"product_brand","embeddable":true,"href":"https:\/\/dokusho.it\/index.php\/wp-json\/wp\/v2\/product_brand?post=26985"},{"taxonomy":"product_cat","embeddable":true,"href":"https:\/\/dokusho.it\/index.php\/wp-json\/wp\/v2\/product_cat?post=26985"},{"taxonomy":"product_tag","embeddable":true,"href":"https:\/\/dokusho.it\/index.php\/wp-json\/wp\/v2\/product_tag?post=26985"}],"curies":[{"name":"wp","href":"https:\/\/api.w.org\/{rel}","templated":true}]}}