{"id":25881,"date":"2024-04-30T12:43:42","date_gmt":"2024-04-30T10:43:42","guid":{"rendered":"https:\/\/dokusho.it\/?post_type=product&#038;p=25881"},"modified":"2024-04-30T13:07:26","modified_gmt":"2024-04-30T11:07:26","slug":"mi-sono-reincarnato-in-uno-slime-vol-7","status":"publish","type":"product","link":"https:\/\/dokusho.it\/index.php\/prodotto\/mi-sono-reincarnato-in-uno-slime-vol-7\/","title":{"rendered":"Mi sono Reincarnato in uno Slime, Vol. 7"},"content":{"rendered":"<p><b>Hinata <\/b><b>Sakaguchi<\/b><b> marcia verso Tempest!<\/b><\/p>\n<p>l Re Demone Clayman \u00e8 stato sconfitto e il Walpurgis si \u00e8 concluso. Rimuru \u00e8 stato ufficialmente riconosciuto &#8220;Re Demone&#8221;.<br \/>\nLa notizia fa il giro del mondo e giunge alle orecchie della Santa Chiesa d&#8217;Occidente.<br \/>\nLa situazione \u00e8 critica. Il Comandante dell\u2019ordine dei Crusader, Hinata Sakaguchi, poco tempo prima aveva attaccato Rimuru. Potrebbero esserci delle ritorsioni. \u00c8 imperativo chiarirsi.<br \/>\nLa Santa parte alla volta di Tempest.<\/p>\n<p>Ma! Qualcosa non torna&#8230;<\/p>\n<p>Un messaggio sospetto da parte dello Slime, delle voci sospette sul conto di un misterioso deamon e, soprattutto&#8230;<\/p>\n<p>\u00abEhi Shion, cos&#8217;\u00e8 quell&#8217;ammasso informe e puzzolente di carne? Non dirmi che&#8230; sono loro?\u00bb<\/p>\n","protected":false},"excerpt":{"rendered":"<p>Hinata Sakaguchi marcia verso Tempest! l Re Demone Clayman \u00e8 stato sconfitto e il Walpurgis si \u00e8 concluso. Rimuru \u00e8 stato ufficialmente riconosciuto &#8220;Re Demone&#8221;. La notizia fa il giro del mondo e giunge alle orecchie della Santa Chiesa d&#8217;Occidente. La situazione \u00e8 critica. Il Comandante dell\u2019ordine dei Crusader, Hinata Sakaguchi, poco tempo prima aveva attaccato Rimuru. Potrebbero esserci delle ritorsioni. \u00c8 imperativo chiarirsi. La Santa parte alla volta di Tempest. Ma! Qualcosa non torna&#8230; Un messaggio sospetto da parte dello Slime, delle voci sospette sul conto di un misterioso deamon e, soprattutto&#8230; \u00abEhi Shion, cos&#8217;\u00e8 quell&#8217;ammasso informe e puzzolente di carne? Non dirmi che&#8230; sono loro?\u00bb<\/p>\n","protected":false},"featured_media":25885,"template":"","meta":[],"product_brand":[],"product_cat":[230],"product_tag":[232,233,768],"class_list":{"0":"post-25881","1":"product","2":"type-product","3":"status-publish","4":"has-post-thumbnail","6":"product_cat-mi-sono-reincarnato-in-uno-slime","7":"product_tag-light-novel","8":"product_tag-mi-sono-reincarnato-in-uno-slime","9":"product_tag-volume-7","11":"first","12":"instock","13":"featured","14":"shipping-taxable","15":"purchasable","16":"product-type-simple"},"_links":{"self":[{"href":"https:\/\/dokusho.it\/index.php\/wp-json\/wp\/v2\/product\/25881","targetHints":{"allow":["GET"]}}],"collection":[{"href":"https:\/\/dokusho.it\/index.php\/wp-json\/wp\/v2\/product"}],"about":[{"href":"https:\/\/dokusho.it\/index.php\/wp-json\/wp\/v2\/types\/product"}],"version-history":[{"count":1,"href":"https:\/\/dokusho.it\/index.php\/wp-json\/wp\/v2\/product\/25881\/revisions"}],"predecessor-version":[{"id":25887,"href":"https:\/\/dokusho.it\/index.php\/wp-json\/wp\/v2\/product\/25881\/revisions\/25887"}],"wp:featuredmedia":[{"embeddable":true,"href":"https:\/\/dokusho.it\/index.php\/wp-json\/wp\/v2\/media\/25885"}],"wp:attachment":[{"href":"https:\/\/dokusho.it\/index.php\/wp-json\/wp\/v2\/media?parent=25881"}],"wp:term":[{"taxonomy":"product_brand","embeddable":true,"href":"https:\/\/dokusho.it\/index.php\/wp-json\/wp\/v2\/product_brand?post=25881"},{"taxonomy":"product_cat","embeddable":true,"href":"https:\/\/dokusho.it\/index.php\/wp-json\/wp\/v2\/product_cat?post=25881"},{"taxonomy":"product_tag","embeddable":true,"href":"https:\/\/dokusho.it\/index.php\/wp-json\/wp\/v2\/product_tag?post=25881"}],"curies":[{"name":"wp","href":"https:\/\/api.w.org\/{rel}","templated":true}]}}