{"id":2574,"date":"2018-08-03T15:46:12","date_gmt":"2018-08-03T15:46:12","guid":{"rendered":"http:\/\/barberry:8888\/?post_type=product&#038;p=2574"},"modified":"2024-06-29T03:11:50","modified_gmt":"2024-06-29T01:11:50","slug":"reincarnato-in-uno-slime-vol-1","status":"publish","type":"product","link":"https:\/\/dokusho.it\/index.php\/prodotto\/reincarnato-in-uno-slime-vol-1\/","title":{"rendered":"Mi sono Reincarnato in uno Slime, Vol. 1 (Prima Edizione)"},"content":{"rendered":"<p>Morbidoso, carino e mostruosamente potente!<\/p>\n<div class=\"o9v6fnle cxmmr5t8 oygrvhab hcukyx3x c1et5uql ii04i59q\">\n<div dir=\"auto\">\n<p>Satoru Mikami, un semplice impiegato trentasettenne intrappolato in un lavoro insoddisfacente, vive una vita normalissima finch\u00e9\u2026 viene pugnalato a morte da un rapinatore in fuga.<\/p>\n<\/div>\n<\/div>\n<div class=\"o9v6fnle cxmmr5t8 oygrvhab hcukyx3x c1et5uql ii04i59q\">\n<div dir=\"auto\">Non riesce pi\u00f9 a vedere o sentire nulla e all\u2019improvviso si rende conto di essersi reincarnato in uno slime!<\/div>\n<div dir=\"auto\">\n<p>Il suo destino cambia drasticamente quando incontra Veldora, il Drago delle Tempeste, che gli dona un nome: Rimuru.<\/p>\n<\/div>\n<\/div>\n<div class=\"o9v6fnle cxmmr5t8 oygrvhab hcukyx3x c1et5uql ii04i59q\">\n<div dir=\"auto\">Inizia cos\u00ec la sua nuova vita da slime e tutte le creature che incontrer\u00e0 daranno il via ad una serie di eventi che cambieranno il suo mondo per sempre.<\/div>\n<\/div>\n","protected":false},"excerpt":{"rendered":"<p>Questa \u00e8 la storia di come Satoru \u00e8 stato accoltellato a morte, si \u00e8 reincarnato in uno slime ed \u00e8 diventato amico di Veldora, il Drago delle Tempeste.<br \/>\nOrmai della sua vita passata non rimane pi\u00f9 nulla.<br \/>\nAd attenderlo ci sar\u00e0 la sua nuova vita da slime!<\/p>\n","protected":false},"featured_media":8337,"template":"","meta":[],"product_brand":[],"product_cat":[230],"product_tag":[232,233,234],"class_list":{"0":"post-2574","1":"product","2":"type-product","3":"status-publish","4":"has-post-thumbnail","6":"product_cat-mi-sono-reincarnato-in-uno-slime","7":"product_tag-light-novel","8":"product_tag-mi-sono-reincarnato-in-uno-slime","9":"product_tag-volume-1","11":"first","12":"outofstock","13":"featured","14":"shipping-taxable","15":"purchasable","16":"product-type-simple"},"_links":{"self":[{"href":"https:\/\/dokusho.it\/index.php\/wp-json\/wp\/v2\/product\/2574","targetHints":{"allow":["GET"]}}],"collection":[{"href":"https:\/\/dokusho.it\/index.php\/wp-json\/wp\/v2\/product"}],"about":[{"href":"https:\/\/dokusho.it\/index.php\/wp-json\/wp\/v2\/types\/product"}],"version-history":[{"count":3,"href":"https:\/\/dokusho.it\/index.php\/wp-json\/wp\/v2\/product\/2574\/revisions"}],"predecessor-version":[{"id":21424,"href":"https:\/\/dokusho.it\/index.php\/wp-json\/wp\/v2\/product\/2574\/revisions\/21424"}],"wp:featuredmedia":[{"embeddable":true,"href":"https:\/\/dokusho.it\/index.php\/wp-json\/wp\/v2\/media\/8337"}],"wp:attachment":[{"href":"https:\/\/dokusho.it\/index.php\/wp-json\/wp\/v2\/media?parent=2574"}],"wp:term":[{"taxonomy":"product_brand","embeddable":true,"href":"https:\/\/dokusho.it\/index.php\/wp-json\/wp\/v2\/product_brand?post=2574"},{"taxonomy":"product_cat","embeddable":true,"href":"https:\/\/dokusho.it\/index.php\/wp-json\/wp\/v2\/product_cat?post=2574"},{"taxonomy":"product_tag","embeddable":true,"href":"https:\/\/dokusho.it\/index.php\/wp-json\/wp\/v2\/product_tag?post=2574"}],"curies":[{"name":"wp","href":"https:\/\/api.w.org\/{rel}","templated":true}]}}