{"id":25194,"date":"2024-03-18T13:46:48","date_gmt":"2024-03-18T12:46:48","guid":{"rendered":"https:\/\/dokusho.it\/?post_type=product&#038;p=25194"},"modified":"2024-08-08T16:50:53","modified_gmt":"2024-08-08T14:50:53","slug":"classroom-of-the-elite-vol-4-e-4-5-limited-edition","status":"publish","type":"product","link":"https:\/\/dokusho.it\/index.php\/prodotto\/classroom-of-the-elite-vol-4-e-4-5-limited-edition\/","title":{"rendered":"Classroom of the Elite, Vol. 4 &#038; 4.5 &#8211; LIMITED EDITION"},"content":{"rendered":"<p><strong>Box in edizione limitata dei volumi 4 e 4.5 della light novel &#8220;Classroom of the Elite&#8221;<\/strong><\/p>\n<p>\u2b50Il set contiene:\u2b50<\/p>\n<p>1. La light novel Classroom of the Elite, Vol. 4<br \/>\n2. La light novel Classroom of the Elite, Vol. 4.5<br \/>\n3. Sei cartoline in carta patinata 105&#215;148 mm<br \/>\n4. Sovra-copertina alternativa di entrambi i volumetti<\/p>\n<p>Trama:<\/p>\n<p><strong>Io sono\u2026 un parassita.<\/strong><br \/>\n<strong>Sono una creatura debole che non pu\u00f2 vivere sola.<\/strong><br \/>\nL\u2019esame speciale in stile survival sull&#8217;isola deserta \u00e8 volto al termine. La<br \/>\nvacanza si sposta finalmente sulla lussuosa nave da crociera&#8230;<br \/>\nUn messaggio da parte della scuola.<br \/>\nHa inizio la seconda parte dell&#8217;esame speciale.<br \/>\nGli studenti, dalla A alla D, verranno divisi in dodici gruppi.<br \/>\nDecade il concetto stesso di competizione fra classi. \u00c8 tempo di sviscerare le<br \/>\nregole e le leggi che governano la prova per riuscire a emergere.<br \/>\nKatsuragi e Ryuuen avanzano nell&#8217;ombra. Ayanokouji attende paziente.<br \/>\nChi avr\u00e0 la meglio in questa caccia alle streghe?<\/p>\n<p><strong>Sai cos&#8217;\u00e8 la sindrome della domenica pomeriggio?<\/strong><br \/>\nNonostante i vari incidenti, intrighi e colpi di scena, l&#8217;esame speciale \u00e8 terminato.<br \/>\nFinalmente sono arrivate le vere vacanze estive!<br \/>\nFra divinazione, regali di compleanno, un pizzico di coraggio<br \/>\nagrodolce e l&#8217;immancabile episodio in piscina, gli studenti della Scuola<br \/>\nper la Formazione di Alto Livello di Tokyo si godranno i loro ultimi<br \/>\ngiorni di spensieratezza prima dell&#8217;inizio del nuovo semestre.<br \/>\n\u00abNon so quali sfide nasconder\u00e0 il prossimo esame, voglio iniziare i<br \/>\npreparativi per un certo piano.\u00bb<br \/>\n\u00abPiano&#8230;?\u00bb<\/p>\n","protected":false},"excerpt":{"rendered":"<p>Box in edizione limitata dei volumi 4 e 4.5 della light novel &#8220;Classroom of the Elite&#8221; \u2b50Il set contiene:\u2b50 1. La light novel Classroom of the Elite, Vol. 4 2. La light novel Classroom of the Elite, Vol. 4.5 3. Sei cartoline in carta patinata 105&#215;148 mm 4. Sovra-copertina alternativa di entrambi i volumetti Trama: Io sono\u2026 un parassita. Sono una creatura debole che non pu\u00f2 vivere sola. L\u2019esame speciale in stile survival sull&#8217;isola deserta \u00e8 volto al termine. La vacanza si sposta finalmente sulla lussuosa nave da crociera&#8230; Un messaggio da parte della scuola. Ha inizio la seconda parte dell&#8217;esame speciale. Gli studenti, dalla A alla D, verranno divisi in dodici gruppi. Decade il concetto stesso di competizione fra classi. \u00c8 tempo di sviscerare le regole e le leggi che governano la prova per riuscire a emergere. Katsuragi e Ryuuen avanzano nell&#8217;ombra. Ayanokouji attende paziente. Chi avr\u00e0 la meglio in questa caccia alle streghe? Sai cos&#8217;\u00e8 la sindrome della domenica pomeriggio? Nonostante i vari incidenti, intrighi e colpi di scena, l&#8217;esame speciale \u00e8 terminato. Finalmente sono arrivate le vere vacanze estive! Fra divinazione, regali di compleanno, un pizzico di coraggio agrodolce e l&#8217;immancabile episodio in piscina, gli studenti della Scuola per la Formazione di Alto Livello di Tokyo si godranno i loro ultimi giorni di spensieratezza prima dell&#8217;inizio del nuovo semestre. \u00abNon so quali sfide nasconder\u00e0 il prossimo esame, voglio iniziare i preparativi per un certo piano.\u00bb \u00abPiano&#8230;?\u00bb<\/p>\n","protected":false},"featured_media":25201,"template":"","meta":[],"product_brand":[],"product_cat":[704],"product_tag":[705,232,707,740,757],"class_list":{"0":"post-25194","1":"product","2":"type-product","3":"status-publish","4":"has-post-thumbnail","6":"product_cat-classroom-of-the-elite","7":"product_tag-classroom-of-the-elite","8":"product_tag-light-novel","9":"product_tag-limited-edition","10":"product_tag-volume-4","11":"product_tag-volume-4-5","13":"first","14":"outofstock","15":"featured","16":"shipping-taxable","17":"purchasable","18":"product-type-simple"},"_links":{"self":[{"href":"https:\/\/dokusho.it\/index.php\/wp-json\/wp\/v2\/product\/25194","targetHints":{"allow":["GET"]}}],"collection":[{"href":"https:\/\/dokusho.it\/index.php\/wp-json\/wp\/v2\/product"}],"about":[{"href":"https:\/\/dokusho.it\/index.php\/wp-json\/wp\/v2\/types\/product"}],"version-history":[{"count":2,"href":"https:\/\/dokusho.it\/index.php\/wp-json\/wp\/v2\/product\/25194\/revisions"}],"predecessor-version":[{"id":25200,"href":"https:\/\/dokusho.it\/index.php\/wp-json\/wp\/v2\/product\/25194\/revisions\/25200"}],"wp:featuredmedia":[{"embeddable":true,"href":"https:\/\/dokusho.it\/index.php\/wp-json\/wp\/v2\/media\/25201"}],"wp:attachment":[{"href":"https:\/\/dokusho.it\/index.php\/wp-json\/wp\/v2\/media?parent=25194"}],"wp:term":[{"taxonomy":"product_brand","embeddable":true,"href":"https:\/\/dokusho.it\/index.php\/wp-json\/wp\/v2\/product_brand?post=25194"},{"taxonomy":"product_cat","embeddable":true,"href":"https:\/\/dokusho.it\/index.php\/wp-json\/wp\/v2\/product_cat?post=25194"},{"taxonomy":"product_tag","embeddable":true,"href":"https:\/\/dokusho.it\/index.php\/wp-json\/wp\/v2\/product_tag?post=25194"}],"curies":[{"name":"wp","href":"https:\/\/api.w.org\/{rel}","templated":true}]}}