{"id":23459,"date":"2023-11-23T12:19:57","date_gmt":"2023-11-23T11:19:57","guid":{"rendered":"https:\/\/dokusho.it\/?post_type=product&#038;p=23459"},"modified":"2024-04-06T18:02:30","modified_gmt":"2024-04-06T16:02:30","slug":"classroom-of-the-elite-vol-3-limited-edition","status":"publish","type":"product","link":"https:\/\/dokusho.it\/index.php\/prodotto\/classroom-of-the-elite-vol-3-limited-edition\/","title":{"rendered":"Classroom of the Elite, Vol. 3 &#8211; LIMITED EDITION"},"content":{"rendered":"<p><strong>Box in edizione limitata del terzo volume della light novel &#8220;Classroom of the Elite&#8221;<\/strong><\/p>\n<p>\u2b50Il set contiene:\u2b50<\/p>\n<p>1. La light novel Classroom of the Elite, Vol. 3<br \/>\n2. Tre cartoline in carta patinata 105&#215;148 mm<br \/>\n3. Sovra-copertina alternativa<\/p>\n<p>Trama:<\/p>\n<p><b>Icaro \u00e8 un giovane coraggioso che si \u00e8 librato in cielo per conquistare la libert\u00e0?<br \/>\nOppure \u00e8 solo uno stolto troppo sicuro di s\u00e9, cos\u00ec arrogante da credere di poter raggiungere il sole?<\/b><\/p>\n<p>\u00c8 estate! Dopo aver superato i difficili esami intermedi e finali, Ayanokouji e il suo gruppo di amici sono pronti per le vacanze estive.<br \/>\nLa Scuola per la Formazione di Alto Livello ha preparato per loro un viaggio su una lussuosa nave da crociera\u2026<br \/>\nSar\u00e0 solo un viaggio?<\/p>\n","protected":false},"excerpt":{"rendered":"<p>Box in edizione limitata del terzo volume della light novel &#8220;Classroom of the Elite&#8221; \u2b50Il set contiene:\u2b50 1. La light novel Classroom of the Elite, Vol. 3 2. Tre cartoline in carta patinata 105&#215;148 mm 3. Sovra-copertina alternativa Trama: Icaro \u00e8 un giovane coraggioso che si \u00e8 librato in cielo per conquistare la libert\u00e0? Oppure \u00e8 solo uno stolto troppo sicuro di s\u00e9, cos\u00ec arrogante da credere di poter raggiungere il sole? \u00c8 estate! Dopo aver superato i difficili esami intermedi e finali, Ayanokouji e il suo gruppo di amici sono pronti per le vacanze estive. La Scuola per la Formazione di Alto Livello ha preparato per loro un viaggio su una lussuosa nave da crociera\u2026 Sar\u00e0 solo un viaggio?<\/p>\n","protected":false},"featured_media":23460,"template":"","meta":[],"product_brand":[],"product_cat":[704],"product_tag":[705,232,707,724],"class_list":{"0":"post-23459","1":"product","2":"type-product","3":"status-publish","4":"has-post-thumbnail","6":"product_cat-classroom-of-the-elite","7":"product_tag-classroom-of-the-elite","8":"product_tag-light-novel","9":"product_tag-limited-edition","10":"product_tag-volume-3","12":"first","13":"outofstock","14":"featured","15":"shipping-taxable","16":"purchasable","17":"product-type-simple"},"_links":{"self":[{"href":"https:\/\/dokusho.it\/index.php\/wp-json\/wp\/v2\/product\/23459","targetHints":{"allow":["GET"]}}],"collection":[{"href":"https:\/\/dokusho.it\/index.php\/wp-json\/wp\/v2\/product"}],"about":[{"href":"https:\/\/dokusho.it\/index.php\/wp-json\/wp\/v2\/types\/product"}],"version-history":[{"count":1,"href":"https:\/\/dokusho.it\/index.php\/wp-json\/wp\/v2\/product\/23459\/revisions"}],"predecessor-version":[{"id":23462,"href":"https:\/\/dokusho.it\/index.php\/wp-json\/wp\/v2\/product\/23459\/revisions\/23462"}],"wp:featuredmedia":[{"embeddable":true,"href":"https:\/\/dokusho.it\/index.php\/wp-json\/wp\/v2\/media\/23460"}],"wp:attachment":[{"href":"https:\/\/dokusho.it\/index.php\/wp-json\/wp\/v2\/media?parent=23459"}],"wp:term":[{"taxonomy":"product_brand","embeddable":true,"href":"https:\/\/dokusho.it\/index.php\/wp-json\/wp\/v2\/product_brand?post=23459"},{"taxonomy":"product_cat","embeddable":true,"href":"https:\/\/dokusho.it\/index.php\/wp-json\/wp\/v2\/product_cat?post=23459"},{"taxonomy":"product_tag","embeddable":true,"href":"https:\/\/dokusho.it\/index.php\/wp-json\/wp\/v2\/product_tag?post=23459"}],"curies":[{"name":"wp","href":"https:\/\/api.w.org\/{rel}","templated":true}]}}