{"id":23453,"date":"2023-11-23T11:49:41","date_gmt":"2023-11-23T10:49:41","guid":{"rendered":"https:\/\/dokusho.it\/?post_type=product&#038;p=23453"},"modified":"2023-11-23T17:09:02","modified_gmt":"2023-11-23T16:09:02","slug":"classroom-of-the-elite-vol-3","status":"publish","type":"product","link":"https:\/\/dokusho.it\/index.php\/prodotto\/classroom-of-the-elite-vol-3\/","title":{"rendered":"Classroom of the Elite, Vol. 3"},"content":{"rendered":"<p><b>Icaro \u00e8 un giovane coraggioso che si \u00e8 librato in cielo per conquistare la libert\u00e0?<br \/>\nOppure \u00e8 solo uno stolto troppo sicuro di s\u00e9, cos\u00ec arrogante da credere di poter raggiungere il sole?<\/b><\/p>\n<p>\u00c8 estate! Dopo aver superato i difficili esami intermedi e finali, Ayanokouji e il suo gruppo di amici sono pronti per le vacanze estive.<br \/>\nLa Scuola per la Formazione di Alto Livello ha preparato per loro un viaggio su una lussuosa nave da crociera\u2026<\/p>\n<p>Sar\u00e0 solo un viaggio?<\/p>\n","protected":false},"excerpt":{"rendered":"<p>Icaro \u00e8 un giovane coraggioso che si \u00e8 librato in cielo per conquistare la libert\u00e0? Oppure \u00e8 solo uno stolto troppo sicuro di s\u00e9, cos\u00ec arrogante da credere di poter raggiungere il sole? \u00c8 estate! Dopo aver superato i difficili esami intermedi e finali, Ayanokouji e il suo gruppo di amici sono pronti per le vacanze estive. La Scuola per la Formazione di Alto Livello ha preparato per loro un viaggio su una lussuosa nave da crociera\u2026 Sar\u00e0 solo un viaggio?<\/p>\n","protected":false},"featured_media":23455,"template":"","meta":[],"product_brand":[],"product_cat":[704],"product_tag":[705,232,724],"class_list":{"0":"post-23453","1":"product","2":"type-product","3":"status-publish","4":"has-post-thumbnail","6":"product_cat-classroom-of-the-elite","7":"product_tag-classroom-of-the-elite","8":"product_tag-light-novel","9":"product_tag-volume-3","11":"first","12":"instock","13":"featured","14":"shipping-taxable","15":"purchasable","16":"product-type-simple"},"_links":{"self":[{"href":"https:\/\/dokusho.it\/index.php\/wp-json\/wp\/v2\/product\/23453","targetHints":{"allow":["GET"]}}],"collection":[{"href":"https:\/\/dokusho.it\/index.php\/wp-json\/wp\/v2\/product"}],"about":[{"href":"https:\/\/dokusho.it\/index.php\/wp-json\/wp\/v2\/types\/product"}],"version-history":[{"count":1,"href":"https:\/\/dokusho.it\/index.php\/wp-json\/wp\/v2\/product\/23453\/revisions"}],"predecessor-version":[{"id":23454,"href":"https:\/\/dokusho.it\/index.php\/wp-json\/wp\/v2\/product\/23453\/revisions\/23454"}],"wp:featuredmedia":[{"embeddable":true,"href":"https:\/\/dokusho.it\/index.php\/wp-json\/wp\/v2\/media\/23455"}],"wp:attachment":[{"href":"https:\/\/dokusho.it\/index.php\/wp-json\/wp\/v2\/media?parent=23453"}],"wp:term":[{"taxonomy":"product_brand","embeddable":true,"href":"https:\/\/dokusho.it\/index.php\/wp-json\/wp\/v2\/product_brand?post=23453"},{"taxonomy":"product_cat","embeddable":true,"href":"https:\/\/dokusho.it\/index.php\/wp-json\/wp\/v2\/product_cat?post=23453"},{"taxonomy":"product_tag","embeddable":true,"href":"https:\/\/dokusho.it\/index.php\/wp-json\/wp\/v2\/product_tag?post=23453"}],"curies":[{"name":"wp","href":"https:\/\/api.w.org\/{rel}","templated":true}]}}