{"id":20374,"date":"2022-11-07T19:28:11","date_gmt":"2022-11-07T18:28:11","guid":{"rendered":"https:\/\/dokusho.it\/?post_type=product&#038;p=20374"},"modified":"2024-12-11T17:21:55","modified_gmt":"2024-12-11T16:21:55","slug":"classroom-of-the-elite-vol-1","status":"publish","type":"product","link":"https:\/\/dokusho.it\/index.php\/prodotto\/classroom-of-the-elite-vol-1\/","title":{"rendered":"Classroom of the Elite, Vol. 1"},"content":{"rendered":"<p><b>So che \u00e8 improvviso, ma vorrei porti una domanda.<br \/>\nLe persone sono tutte uguali?<\/b><\/p>\n<p>La Scuola per la Formazione di Alto Livello di Tokyo vanta un tasso di ammissione all\u2019universit\u00e0 e di occupazione dei propri diplomati pari al 100%. \u00c8 un istituto creato appositamente dal Governo giapponese per educare coloro a cui verr\u00e0 affidato il futuro del Paese. Ogni mese agli studenti vengono regalati dei punti per un valore di 100.000 yen che sono liberi di spendere come meglio credono. Ma questa \u00e8 una scuola estremamente meritocratica, basata sulla supremazia dei migliori.<\/p>\n<p>E chi non dovesse eccellere\u2026?!<\/p>\n","protected":false},"excerpt":{"rendered":"<p>So che \u00e8 improvviso, ma vorrei porti una domanda. Le persone sono tutte uguali? La Scuola per la Formazione di Alto Livello di Tokyo vanta un tasso di ammissione all\u2019universit\u00e0 e di occupazione dei propri diplomati pari al 100%. \u00c8 un istituto creato appositamente dal Governo giapponese per educare coloro a cui verr\u00e0 affidato il futuro del Paese. Ogni mese agli studenti vengono regalati dei punti per un valore di 100.000 yen che sono liberi di spendere come meglio credono. Ma questa \u00e8 una scuola estremamente meritocratica, basata sulla supremazia dei migliori. E chi non dovesse eccellere\u2026?!<\/p>\n","protected":false},"featured_media":20375,"template":"","meta":[],"product_brand":[],"product_cat":[704],"product_tag":[705,232,234],"class_list":{"0":"post-20374","1":"product","2":"type-product","3":"status-publish","4":"has-post-thumbnail","6":"product_cat-classroom-of-the-elite","7":"product_tag-classroom-of-the-elite","8":"product_tag-light-novel","9":"product_tag-volume-1","11":"first","12":"instock","13":"featured","14":"shipping-taxable","15":"purchasable","16":"product-type-simple"},"_links":{"self":[{"href":"https:\/\/dokusho.it\/index.php\/wp-json\/wp\/v2\/product\/20374","targetHints":{"allow":["GET"]}}],"collection":[{"href":"https:\/\/dokusho.it\/index.php\/wp-json\/wp\/v2\/product"}],"about":[{"href":"https:\/\/dokusho.it\/index.php\/wp-json\/wp\/v2\/types\/product"}],"version-history":[{"count":3,"href":"https:\/\/dokusho.it\/index.php\/wp-json\/wp\/v2\/product\/20374\/revisions"}],"predecessor-version":[{"id":27968,"href":"https:\/\/dokusho.it\/index.php\/wp-json\/wp\/v2\/product\/20374\/revisions\/27968"}],"wp:featuredmedia":[{"embeddable":true,"href":"https:\/\/dokusho.it\/index.php\/wp-json\/wp\/v2\/media\/20375"}],"wp:attachment":[{"href":"https:\/\/dokusho.it\/index.php\/wp-json\/wp\/v2\/media?parent=20374"}],"wp:term":[{"taxonomy":"product_brand","embeddable":true,"href":"https:\/\/dokusho.it\/index.php\/wp-json\/wp\/v2\/product_brand?post=20374"},{"taxonomy":"product_cat","embeddable":true,"href":"https:\/\/dokusho.it\/index.php\/wp-json\/wp\/v2\/product_cat?post=20374"},{"taxonomy":"product_tag","embeddable":true,"href":"https:\/\/dokusho.it\/index.php\/wp-json\/wp\/v2\/product_tag?post=20374"}],"curies":[{"name":"wp","href":"https:\/\/api.w.org\/{rel}","templated":true}]}}