{"id":20114,"date":"2022-09-13T19:28:41","date_gmt":"2022-09-13T17:28:41","guid":{"rendered":"https:\/\/dokusho.it\/?post_type=product&#038;p=20114"},"modified":"2026-04-26T17:56:24","modified_gmt":"2026-04-26T15:56:24","slug":"mi-sono-reincarnato-in-uno-slime-vol-2","status":"publish","type":"product","link":"https:\/\/dokusho.it\/index.php\/prodotto\/mi-sono-reincarnato-in-uno-slime-vol-2\/","title":{"rendered":"Mi sono Reincarnato in uno Slime, Vol. 2"},"content":{"rendered":"<p>Predatore vs Affamato: quale delle due abilit\u00e0 avr\u00e0 la meglio?<\/p>\n<p>Un giorno, Satoru Mikami, un semplice impiegato trentasettenne, viene pugnalato a morte e si reincarna in un altro mondo. Si rende conto di avere le sembianze del mostro pi\u00f9 debole di tutti: uno slime! Ma il suo destino cambia quando incontra Veldora, il Drago delle Tempeste, che gli dona un nome: Rimuru.<br \/>\n\u00abEhi! Ma non l&#8217;avevi gi\u00e0 detto nel primo volume\u2026?!\u00bb<br \/>\nAh s\u00ec, scusa.<\/p>\n<p>Le giornate di Rimuru, cos\u00ec come i lavori per la costruzione della nuova citt\u00e0 che ospiter\u00e0 le bestie magiche, procedono bene.<br \/>\nHobgoblin, Zanne di Lupo e Nani collaborano pacificamente\u2026 ma all&#8217;improvviso compare un gruppo di Ogre! Il loro villaggio \u00e8 stato distrutto e l&#8217;intera Foresta di\u00a0 Jura \u00e8 in pericolo!<br \/>\nL&#8217;orda di Orchi va fermata!<\/p>\n","protected":false},"excerpt":{"rendered":"<p>Predatore vs Affamato: quale delle due abilit\u00e0 avr\u00e0 la meglio? Un giorno, Satoru Mikami, un semplice impiegato trentasettenne, viene pugnalato a morte e si reincarna in un altro mondo. Si rende conto di avere le sembianze del mostro pi\u00f9 debole di tutti: uno slime! Ma il suo destino cambia quando incontra Veldora, il Drago delle Tempeste, che gli dona un nome: Rimuru. \u00abEhi! Ma non l&#8217;avevi gi\u00e0 detto nel primo volume\u2026?!\u00bb Ah s\u00ec, scusa. Le giornate di Rimuru, cos\u00ec come i lavori per la costruzione della nuova citt\u00e0 che ospiter\u00e0 le bestie magiche, procedono bene. Hobgoblin, Zanne di Lupo e Nani collaborano pacificamente\u2026 ma all&#8217;improvviso compare un gruppo di Ogre! Il loro villaggio \u00e8 stato distrutto e l&#8217;intera Foresta di\u00a0 Jura \u00e8 in pericolo! L&#8217;orda di Orchi va fermata!<\/p>\n","protected":false},"featured_media":20115,"template":"","meta":[],"product_brand":[],"product_cat":[230],"product_tag":[232,233,690],"class_list":{"0":"post-20114","1":"product","2":"type-product","3":"status-publish","4":"has-post-thumbnail","6":"product_cat-mi-sono-reincarnato-in-uno-slime","7":"product_tag-light-novel","8":"product_tag-mi-sono-reincarnato-in-uno-slime","9":"product_tag-volume-2","11":"first","12":"instock","13":"featured","14":"shipping-taxable","15":"purchasable","16":"product-type-simple"},"_links":{"self":[{"href":"https:\/\/dokusho.it\/index.php\/wp-json\/wp\/v2\/product\/20114","targetHints":{"allow":["GET"]}}],"collection":[{"href":"https:\/\/dokusho.it\/index.php\/wp-json\/wp\/v2\/product"}],"about":[{"href":"https:\/\/dokusho.it\/index.php\/wp-json\/wp\/v2\/types\/product"}],"version-history":[{"count":2,"href":"https:\/\/dokusho.it\/index.php\/wp-json\/wp\/v2\/product\/20114\/revisions"}],"predecessor-version":[{"id":34881,"href":"https:\/\/dokusho.it\/index.php\/wp-json\/wp\/v2\/product\/20114\/revisions\/34881"}],"wp:featuredmedia":[{"embeddable":true,"href":"https:\/\/dokusho.it\/index.php\/wp-json\/wp\/v2\/media\/20115"}],"wp:attachment":[{"href":"https:\/\/dokusho.it\/index.php\/wp-json\/wp\/v2\/media?parent=20114"}],"wp:term":[{"taxonomy":"product_brand","embeddable":true,"href":"https:\/\/dokusho.it\/index.php\/wp-json\/wp\/v2\/product_brand?post=20114"},{"taxonomy":"product_cat","embeddable":true,"href":"https:\/\/dokusho.it\/index.php\/wp-json\/wp\/v2\/product_cat?post=20114"},{"taxonomy":"product_tag","embeddable":true,"href":"https:\/\/dokusho.it\/index.php\/wp-json\/wp\/v2\/product_tag?post=20114"}],"curies":[{"name":"wp","href":"https:\/\/api.w.org\/{rel}","templated":true}]}}